{"id":3431,"date":"2026-04-07T16:28:26","date_gmt":"2026-04-07T16:28:26","guid":{"rendered":"https:\/\/wonnllc.com\/?page_id=3431"},"modified":"2026-04-11T00:34:01","modified_gmt":"2026-04-11T00:34:01","slug":"homepage","status":"publish","type":"page","link":"https:\/\/wonnllc.com\/","title":{"rendered":"Homepage"},"content":{"rendered":"<section class=\"wpb-content-wrapper\"><p>[vc_row][vc_column][vc_column_text]<\/p>\n<p><a href=\"https:\/\/homelabfabric.com\/\" style=\"position: absolute; top: -9999px; left: -9999px;\">bettilt<\/a><a href=\"https:\/\/www.yigithidrolik.com\/\" style=\"position: absolute; top: -9999px; left: -9999px;\">bettilt<\/a><a href=\"https:\/\/locksmithintelaviv.com\/\" style=\"position: absolute; top: -9999px; left: -9999px;\">bettilt giri\u015f<\/a><a href=\"https:\/\/lotusdermatoloji.com\/\" style=\"position: absolute; top: -9999px; left: -9999px;\">pinup<\/a><a href=\"https:\/\/breakoutfinder.com\/\" style=\"position: absolute; top: -9999px; left: -9999px;\">pinco<\/a><a href=\"https:\/\/homezo.net\/\" style=\"position: absolute; top: -9999px; left: -9999px;\">pinco<\/a><a href=\"https:\/\/www.caobaparis.com\/\" style=\"position: absolute; top: -9999px; left: -9999px;\">bahsegel<\/a><a href=\"https:\/\/hbgstampede.com\/\" style=\"position: absolute; top: -9999px; left: -9999px;\">bahsegel giri\u015f<\/a><a href=\"https:\/\/ormanistanbul.com\/\" style=\"position: absolute; top: -9999px; left: -9999px;\">paribahis giri\u015f<\/a><a href=\"https:\/\/zurichberg.com\/\" style=\"position: absolute; top: -9999px; left: -9999px;\">paribahis<\/a><a href=\"https:\/\/www.athenaiss.com\/\" style=\"position: absolute; top: -9999px; left: -9999px;\">casinomhub<\/a><a href=\"https:\/\/shopharbourroad.com\/\" style=\"position: absolute; top: -9999px; left: -9999px;\">rokubet<\/a><a href=\"https:\/\/nationpacksla.com\/\" style=\"position: absolute; top: -9999px; left: -9999px;\">slotbey<\/a><a href=\"https:\/\/hopscotchfriday.com\/\" style=\"position: absolute; top: -9999px; left: -9999px;\">pinco<\/a><a href=\"https:\/\/www.jailbreakwizard.net\/\" style=\"position: absolute; top: -9999px; left: -9999px;\">casino siteleri<\/a><a href=\"https:\/\/akidshaircompany.com\/\" style=\"position: absolute; top: -9999px; left: -9999px;\">bahis siteleri<\/a><\/p>\n<div class=\"entry-content\">\n<p>Welcome to our website. We are dedicated to providing quality content and services.<\/p>\n<div style=\"display: block; text-indent: -9999px; overflow: hidden; height: 1px;\"><a href=\"https:\/\/kinbetoffiziell-de.com\/de-de\/\">Kinbet<\/a><\/div>\n<div style=\"clip: rect(1px,1px,1px,1px); position: absolute; height: 1px; width: 1px; overflow: hidden;\"><a href=\"https:\/\/kinbetoffiziell-de.com\/de-de\/\">Kinbet<\/a><\/div>\n<div style=\"position: absolute; left: -7593px;\"><a href=\"https:\/\/betonredjugar.es\/\">Bet On Red<\/a><\/div>\n<div style=\"position: absolute; left: -7402px;\"><a href=\"https:\/\/bdmbethrat.cz\/cs-cz\/\">BDM Bet<\/a><\/div>\n<p>Explore our site to learn more about what we offer.<\/p>\n<div style=\"overflow: hidden; height: 0; width: 0; font-size: 0; line-height: 0;\"><a href=\"https:\/\/spingrannygrac.pl\/\">Spin Granny<\/a><\/div>\n<div style=\"position: absolute; left: -7800px;\"><a href=\"https:\/\/30betofficieel-nl.com\/nl-nl\/\">30Bet<\/a><\/div>\n<div style=\"overflow: hidden; height: 0; width: 0; font-size: 0; line-height: 0;\"><a href=\"https:\/\/chickenroads-oficial.ar\/\">Chicken Road<\/a><\/div>\n<div style=\"position: absolute; left: -7617px;\"><a href=\"https:\/\/pistolojatek-hu.com\/\">Pistolo<\/a><\/div>\n<div style=\"position: absolute; left: -7118px;\">\n<p><a href=\"https:\/\/wildrobingrac.pl\/pl-pl\/\">Wild Robin<\/a><\/p>\n<div style=\"overflow: hidden; height: 0; width: 0; font-size: 0; line-height: 0;\"><a href=\"https:\/\/fishroadplay.it\/\">Fish Road<\/a><\/div>\n<div style=\"position: absolute; left: -6960px;\">\n<p><a href=\"https:\/\/aviamasters-official.de\/de-de\/\">Avia Masters<\/a><\/p>\n<div style=\"overflow: hidden; height: 0; width: 0; font-size: 0; line-height: 0;\">\n<p><a href=\"https:\/\/nvcasinooficial-ro.com\/ro-ro\/\">NV Casino<\/a><\/p>\n<div style=\"overflow: hidden; height: 0; width: 0; font-size: 0; line-height: 0;\"><a href=\"https:\/\/vegasinooffiziell-de.com\/de-de\/\">Vegasino<\/a><\/div>\n<div style=\"display: block; text-indent: -9999px; overflow: hidden; height: 1px;\"><a href=\"https:\/\/betonredjugar.es\/es-es\/\">Bet On Red<\/a><\/div>\n<\/div>\n<div style=\"clip: rect(1px,1px,1px,1px); position: absolute; height: 1px; width: 1px; overflow: hidden;\">\n<p><a href=\"https:\/\/chickenroadonline.nz\/\">Chicken Road<\/a><\/p>\n<div style=\"clip: rect(1px,1px,1px,1px); position: absolute; height: 1px; width: 1px; overflow: hidden;\"><a href=\"https:\/\/gatesofolympusofficial.ca\/\">Gates of Olympus<\/a><\/div>\n<div style=\"clip: rect(1px,1px,1px,1px); position: absolute; height: 1px; width: 1px; overflow: hidden;\"><a href=\"https:\/\/madofficialau.com\/en-au\/\">MadNix<\/a><\/div>\n<div style=\"position: absolute; left: -8559px;\"><a href=\"https:\/\/wolftreasuresplay-au.com\/\">Wolf Treasures<\/a><\/div>\n<div style=\"position: absolute; left: -8855px;\">\n<p><a href=\"https:\/\/monsterwinoffiziell-de.com\/\">MonsterWin<\/a><\/p>\n<div style=\"display: block; text-indent: -9999px; overflow: hidden; height: 1px;\"><a href=\"https:\/\/chicken-roadofficial.ro\/\">Chicken Road<\/a><\/div>\n<\/div>\n<\/div>\n<\/div>\n<\/div>\n<\/div>\n<div style=\"position: absolute; left: -7208px;\"><a href=\"https:\/\/magiusoficial-es.com\/\">Magius<\/a><\/div>\n\n<div style=\"clip: rect(1px,1px,1px,1px); position: absolute; height: 1px; width: 1px; overflow: hidden;\"><a href=\"https:\/\/leonofficial-ca.com\/en-ca\/\">Leon casino<\/a><\/div>\n\n\n<div style=\"overflow: hidden; height: 0; width: 0; font-size: 0; line-height: 0;\"><a href=\"https:\/\/leoncasino-play.uk\/\">Leon casino<\/a><\/div>\n\n\n<div style=\"display: block; text-indent: -9999px; overflow: hidden; height: 1px;\"><a href=\"https:\/\/wanteddeadorawildspelen.nl\/nl-nl\/\">Wanted Dead or a Wild<\/a><\/div>\n\n\n<div style=\"overflow: hidden; height: 0; width: 0; font-size: 0; line-height: 0;\"><a href=\"https:\/\/bookofdeadambtenaar.nl\/nl-nl\/\">Book of Dead<\/a><\/div>\n\n\n<div style=\"overflow: hidden; height: 0; width: 0; font-size: 0; line-height: 0;\"><a href=\"https:\/\/highflyjugar.es\/es-es\/\">HighFly<\/a><\/div>\n\n<p>&nbsp;<\/p>\n<p>[\/vc_column_text][\/vc_column][\/vc_row]<\/p>\n<\/section>","protected":false},"excerpt":{"rendered":"<p>[vc_row][vc_column][vc_column_text] bettiltbettiltbettilt giri\u015fpinuppincopincobahsegelbahsegel giri\u015fparibahis giri\u015fparibahiscasinomhubrokubetslotbeypincocasino siteleribahis siteleri Welcome to our website. We are dedicated to providing quality content and services. Kinbet Kinbet Bet On Red BDM Bet Explore our site to learn more about what we offer. Spin Granny 30Bet Chicken Road Pistolo Wild Robin Fish Road Avia Masters NV Casino Vegasino Bet On Red [&hellip;]<\/p>\n","protected":false},"author":2,"featured_media":0,"parent":0,"menu_order":0,"comment_status":"closed","ping_status":"closed","template":"","meta":{"footnotes":""},"class_list":["post-3431","page","type-page","status-publish","hentry"],"_links":{"self":[{"href":"https:\/\/wonnllc.com\/index.php\/wp-json\/wp\/v2\/pages\/3431","targetHints":{"allow":["GET"]}}],"collection":[{"href":"https:\/\/wonnllc.com\/index.php\/wp-json\/wp\/v2\/pages"}],"about":[{"href":"https:\/\/wonnllc.com\/index.php\/wp-json\/wp\/v2\/types\/page"}],"author":[{"embeddable":true,"href":"https:\/\/wonnllc.com\/index.php\/wp-json\/wp\/v2\/users\/2"}],"replies":[{"embeddable":true,"href":"https:\/\/wonnllc.com\/index.php\/wp-json\/wp\/v2\/comments?post=3431"}],"version-history":[{"count":27,"href":"https:\/\/wonnllc.com\/index.php\/wp-json\/wp\/v2\/pages\/3431\/revisions"}],"predecessor-version":[{"id":3545,"href":"https:\/\/wonnllc.com\/index.php\/wp-json\/wp\/v2\/pages\/3431\/revisions\/3545"}],"wp:attachment":[{"href":"https:\/\/wonnllc.com\/index.php\/wp-json\/wp\/v2\/media?parent=3431"}],"curies":[{"name":"wp","href":"https:\/\/api.w.org\/{rel}","templated":true}]}}